{"id":999,"date":"2024-08-21T12:11:58","date_gmt":"2024-08-21T12:11:58","guid":{"rendered":"https:\/\/andy.hanuitsolutions.com\/?page_id=999"},"modified":"2024-09-09T07:46:57","modified_gmt":"2024-09-09T07:46:57","slug":"private-sessions","status":"publish","type":"page","link":"https:\/\/glimmerpilates.com\/fr\/courses\/private-sessions\/","title":{"rendered":"Private sessions"},"content":{"rendered":"<div data-elementor-type=\"wp-page\" data-elementor-id=\"999\" class=\"elementor elementor-999\" data-elementor-post-type=\"page\">\n\t\t\t\t<div class=\"elementor-element elementor-element-174c3b9 e-flex e-con-boxed e-con e-parent\" data-id=\"174c3b9\" data-element_type=\"container\" data-e-type=\"container\" data-settings=\"{&quot;background_background&quot;:&quot;gradient&quot;}\">\n\t\t\t\t\t<div class=\"e-con-inner\">\n\t\t<div class=\"elementor-element elementor-element-6153b7f e-con-full e-flex e-con e-child\" data-id=\"6153b7f\" data-element_type=\"container\" data-e-type=\"container\">\n\t\t\t\t<div class=\"elementor-element elementor-element-7d47ff2 elementor-widget elementor-widget-heading\" data-id=\"7d47ff2\" data-element_type=\"widget\" data-e-type=\"widget\" data-widget_type=\"heading.default\">\n\t\t\t\t<div class=\"elementor-widget-container\">\n\t\t\t\t\t<h2 class=\"elementor-heading-title elementor-size-default\">Sessions <br>priv\u00e9es <\/h2>\t\t\t\t<\/div>\n\t\t\t\t<\/div>\n\t\t\t\t<div class=\"elementor-element elementor-element-b1d42fd elementor-widget elementor-widget-heading\" data-id=\"b1d42fd\" data-element_type=\"widget\" data-e-type=\"widget\" data-widget_type=\"heading.default\">\n\t\t\t\t<div class=\"elementor-widget-container\">\n\t\t\t\t\t<h2 class=\"elementor-heading-title elementor-size-default\">\n\n49,00 \u20ac \u2013 85,00 \u20ac\n<\/h2>\t\t\t\t<\/div>\n\t\t\t\t<\/div>\n\t\t\t\t<div class=\"elementor-element elementor-element-7302360 elementor-widget__width-initial elementor-widget-tablet__width-inherit elementor-widget elementor-widget-text-editor\" data-id=\"7302360\" data-element_type=\"widget\" data-e-type=\"widget\" data-widget_type=\"text-editor.default\">\n\t\t\t\t<div class=\"elementor-widget-container\">\n\t\t\t\t\t\t\t\t\t<div class=\"elementor-element elementor-element-6f7fa438 elementor-widget__width-initial elementor-widget-tablet__width-inherit elementor-widget elementor-widget-woocommerce-product-content\" data-id=\"6f7fa438\" data-element_type=\"widget\" data-widget_type=\"woocommerce-product-content.default\"><div class=\"elementor-widget-container\"><ul><li><span class=\"elementor-icon-list-text\">85\u20ac par sessions pour les non-membres <\/span><\/li><li><span class=\"elementor-icon-list-text\">59\u20ac par session pour les membres Standard, Prenium, et Elite <\/span><\/li><li><span class=\"elementor-icon-list-text\">Possibilit\u00e9 de r\u00e9server une session en personne \u00e0 Marbella pour 85\u20ac <span style=\"color: #333333;\"><a style=\"color: #333333;\" href=\"https:\/\/api.whatsapp.com\/send\/?phone=34634249038&amp;text&amp;type=phone_number&amp;app_absent=0\">WhatsApp\u00a0<\/a><\/span><br \/><\/span><\/li><\/ul><\/div><\/div>\t\t\t\t\t\t\t\t<\/div>\n\t\t\t\t<\/div>\n\t\t<div class=\"elementor-element elementor-element-3ae83a9 e-con-full e-flex e-con e-child\" data-id=\"3ae83a9\" data-element_type=\"container\" data-e-type=\"container\">\n\t\t<div class=\"elementor-element elementor-element-50b7686 e-con-full e-flex e-con e-child\" data-id=\"50b7686\" data-element_type=\"container\" data-e-type=\"container\">\n\t\t\t\t<div class=\"elementor-element elementor-element-2f6bf6b elementor-align-justify elementor-mobile-align-justify elementor-widget elementor-widget-button\" data-id=\"2f6bf6b\" data-element_type=\"widget\" data-e-type=\"widget\" data-widget_type=\"button.default\">\n\t\t\t\t<div class=\"elementor-widget-container\">\n\t\t\t\t\t\t\t\t\t<div class=\"elementor-button-wrapper\">\n\t\t\t\t\t<a class=\"elementor-button elementor-button-link elementor-size-sm elementor-animation-hang\" href=\"https:\/\/api.whatsapp.com\/send\/?phone=34634249038&amp;text&amp;type=phone_number&amp;app_absent=0\" target=\"_blank\">\n\t\t\t\t\t\t<span class=\"elementor-button-content-wrapper\">\n\t\t\t\t\t\t\t\t\t<span class=\"elementor-button-text\">WhatsApp<\/span>\n\t\t\t\t\t<\/span>\n\t\t\t\t\t<\/a>\n\t\t\t\t<\/div>\n\t\t\t\t\t\t\t\t<\/div>\n\t\t\t\t<\/div>\n\t\t\t\t<\/div>\n\t\t<div class=\"elementor-element elementor-element-03632f0 e-con-full e-flex e-con e-child\" data-id=\"03632f0\" data-element_type=\"container\" data-e-type=\"container\">\n\t\t\t\t<div class=\"elementor-element elementor-element-a1c5626 elementor-align-left elementor-mobile-align-justify elementor-tablet-align-justify elementor-widget elementor-widget-button\" data-id=\"a1c5626\" data-element_type=\"widget\" data-e-type=\"widget\" data-widget_type=\"button.default\">\n\t\t\t\t<div class=\"elementor-widget-container\">\n\t\t\t\t\t\t\t\t\t<div class=\"elementor-button-wrapper\">\n\t\t\t\t\t<a class=\"elementor-button elementor-button-link elementor-size-sm elementor-animation-hang\" href=\"https:\/\/glimmerpilates.com\/fr\/book-a-session\/\" target=\"_blank\">\n\t\t\t\t\t\t<span class=\"elementor-button-content-wrapper\">\n\t\t\t\t\t\t\t\t\t<span class=\"elementor-button-text\">R\u00c9SERVEZ UNE S\u00c9ANCE MAINTENANT<\/span>\n\t\t\t\t\t<\/span>\n\t\t\t\t\t<\/a>\n\t\t\t\t<\/div>\n\t\t\t\t\t\t\t\t<\/div>\n\t\t\t\t<\/div>\n\t\t\t\t<\/div>\n\t\t\t\t<\/div>\n\t\t\t\t<div class=\"elementor-element elementor-element-6fcf604 elementor-widget elementor-widget-spacer\" data-id=\"6fcf604\" data-element_type=\"widget\" data-e-type=\"widget\" data-widget_type=\"spacer.default\">\n\t\t\t\t<div class=\"elementor-widget-container\">\n\t\t\t\t\t\t\t<div class=\"elementor-spacer\">\n\t\t\t<div class=\"elementor-spacer-inner\"><\/div>\n\t\t<\/div>\n\t\t\t\t\t\t<\/div>\n\t\t\t\t<\/div>\n\t\t\t\t<\/div>\n\t\t<div class=\"elementor-element elementor-element-8941560 e-con-full e-flex e-con e-child\" data-id=\"8941560\" data-element_type=\"container\" data-e-type=\"container\">\n\t\t\t\t<div class=\"elementor-element elementor-element-3c9cf8c elementor-widget-mobile__width-initial elementor-widget elementor-widget-image\" data-id=\"3c9cf8c\" data-element_type=\"widget\" data-e-type=\"widget\" data-widget_type=\"image.default\">\n\t\t\t\t<div class=\"elementor-widget-container\">\n\t\t\t\t\t\t\t\t\t\t\t\t\t\t\t<img fetchpriority=\"high\" decoding=\"async\" width=\"682\" height=\"1024\" src=\"https:\/\/glimmerpilates.com\/wp-content\/uploads\/2024\/08\/2024_Photo_Gregory_Korvin_GKCS-37.webp\" class=\"attachment-large size-large wp-image-393\" alt=\"\" \/>\t\t\t\t\t\t\t\t\t\t\t\t\t\t\t<\/div>\n\t\t\t\t<\/div>\n\t\t\t\t<\/div>\n\t\t\t\t\t<\/div>\n\t\t\t\t<\/div>\n\t\t<div class=\"elementor-element elementor-element-6df302b e-flex e-con-boxed e-con e-parent\" data-id=\"6df302b\" data-element_type=\"container\" data-e-type=\"container\" data-settings=\"{&quot;background_background&quot;:&quot;classic&quot;}\">\n\t\t\t\t\t<div class=\"e-con-inner\">\n\t\t\t\t<div class=\"elementor-element elementor-element-546a1d4 elementor-widget elementor-widget-heading\" data-id=\"546a1d4\" data-element_type=\"widget\" data-e-type=\"widget\" data-widget_type=\"heading.default\">\n\t\t\t\t<div class=\"elementor-widget-container\">\n\t\t\t\t\t<h2 class=\"elementor-heading-title elementor-size-default\">D\u00e9couvrez les autres cours<\/h2>\t\t\t\t<\/div>\n\t\t\t\t<\/div>\n\t\t\t\t<div class=\"elementor-element elementor-element-c246473 elementor-grid-3 elementor-grid-tablet-3 elementor-grid-mobile-1 elementor-product-loop-item--align-center elementor-product-loop-item--align-center elementor-widget-mobile__width-inherit elementor-products-grid elementor-wc-products elementor-widget elementor-widget-woocommerce-products\" data-id=\"c246473\" data-element_type=\"widget\" data-e-type=\"widget\" data-widget_type=\"woocommerce-products.default\">\n\t\t\t\t<div class=\"elementor-widget-container\">\n\t\t\t\t\t<div class=\"woocommerce columns-3\"><ul class=\"products elementor-grid columns-3\">\n<li class=\"product type-product post-308 status-publish first instock product_cat-pilates has-post-thumbnail virtual purchasable product-type-simple\">\n\t<a href=\"https:\/\/glimmerpilates.com\/fr\/produit\/10-days-renew-program\/\" class=\"woocommerce-LoopProduct-link woocommerce-loop-product__link\"><img decoding=\"async\" width=\"800\" height=\"600\" src=\"https:\/\/glimmerpilates.com\/wp-content\/uploads\/2024\/08\/Facetune_29-07-2025-19-32-36-800x600.jpg\" class=\"attachment-woocommerce_thumbnail size-woocommerce_thumbnail\" alt=\"Programme Transformation 10 Jours\" \/><h2 class=\"woocommerce-loop-product__title\">Programme Transformation 10 Jours<\/h2>\n\t<span class=\"price\"><span class=\"woocommerce-Price-amount amount\"><bdi>39,00&nbsp;<span class=\"woocommerce-Price-currencySymbol\">&euro;<\/span><\/bdi><\/span><\/span>\n<\/a><div class=\"woocommerce-loop-product__buttons\"><a href=\"\/fr\/wp-json\/wp\/v2\/pages\/999?add-to-cart=308\" aria-describedby=\"woocommerce_loop_add_to_cart_link_describedby_308\" data-quantity=\"1\" class=\"button product_type_simple add_to_cart_button ajax_add_to_cart\" data-product_id=\"308\" data-product_sku=\"\" aria-label=\"Ajouter au panier\u00a0: \u201cProgramme Transformation 10 Jours\u201d\" rel=\"nofollow\" data-success_message=\"\u00ab\u00a0Programme Transformation 10 Jours\u00a0\u00bb a \u00e9t\u00e9 ajout\u00e9 \u00e0 votre panier\" role=\"button\" data-no-translation=\"\" data-trp-gettext=\"\" data-no-translation-aria-label=\"\" data-no-translation-data-success_message=\"\">Ajouter au panier<\/a><\/div>\t<span id=\"woocommerce_loop_add_to_cart_link_describedby_308\" class=\"screen-reader-text\">\n\t\t\t<\/span>\n<\/li>\n<\/ul>\n<\/div>\t\t\t\t<\/div>\n\t\t\t\t<\/div>\n\t\t\t\t\t<\/div>\n\t\t\t\t<\/div>\n\t\t<div class=\"elementor-element elementor-element-962309a e-flex e-con-boxed e-con e-parent\" data-id=\"962309a\" data-element_type=\"container\" data-e-type=\"container\" data-settings=\"{&quot;background_background&quot;:&quot;gradient&quot;}\">\n\t\t\t\t\t<div class=\"e-con-inner\">\n\t\t<div class=\"elementor-element elementor-element-7894246 e-con-full e-flex e-con e-child\" data-id=\"7894246\" data-element_type=\"container\" data-e-type=\"container\">\n\t\t\t\t<div class=\"elementor-element elementor-element-35e15c5 premium-floating-effects-yes premium-disable-fe-yes elementor-widget elementor-widget-image\" data-id=\"35e15c5\" data-element_type=\"widget\" data-e-type=\"widget\" data-settings=\"{&quot;premium_fe_translate_switcher&quot;:&quot;yes&quot;,&quot;premium_fe_Xtranslate&quot;:{&quot;unit&quot;:&quot;px&quot;,&quot;size&quot;:&quot;&quot;,&quot;sizes&quot;:{&quot;from&quot;:0,&quot;to&quot;:0}},&quot;premium_fe_Ytranslate&quot;:{&quot;unit&quot;:&quot;px&quot;,&quot;size&quot;:&quot;&quot;,&quot;sizes&quot;:{&quot;from&quot;:-7,&quot;to&quot;:12}},&quot;premium_fe_trigger&quot;:&quot;load&quot;,&quot;premium_fe_trans_duration&quot;:{&quot;unit&quot;:&quot;px&quot;,&quot;size&quot;:1000,&quot;sizes&quot;:[]},&quot;premium_fe_trans_delay&quot;:{&quot;unit&quot;:&quot;px&quot;,&quot;size&quot;:&quot;&quot;,&quot;sizes&quot;:[]},&quot;premium_fe_direction&quot;:&quot;alternate&quot;,&quot;premium_fe_loop&quot;:&quot;default&quot;,&quot;premium_fe_easing&quot;:&quot;easeInOutSine&quot;}\" data-widget_type=\"image.default\">\n\t\t\t\t<div class=\"elementor-widget-container\">\n\t\t\t\t\t\t\t\t\t\t\t\t\t\t\t<img decoding=\"async\" width=\"1459\" height=\"1034\" src=\"https:\/\/glimmerpilates.com\/wp-content\/uploads\/2024\/07\/mockuuups-iphone-13-pro-mockup-perspective-left.png\" class=\"attachment-full size-full wp-image-125\" alt=\"\" srcset=\"https:\/\/glimmerpilates.com\/wp-content\/uploads\/2024\/07\/mockuuups-iphone-13-pro-mockup-perspective-left.png 1459w, https:\/\/glimmerpilates.com\/wp-content\/uploads\/2024\/07\/mockuuups-iphone-13-pro-mockup-perspective-left-300x213.png 300w, https:\/\/glimmerpilates.com\/wp-content\/uploads\/2024\/07\/mockuuups-iphone-13-pro-mockup-perspective-left-1024x726.png 1024w, https:\/\/glimmerpilates.com\/wp-content\/uploads\/2024\/07\/mockuuups-iphone-13-pro-mockup-perspective-left-768x544.png 768w\" sizes=\"(max-width: 1459px) 100vw, 1459px\" \/>\t\t\t\t\t\t\t\t\t\t\t\t\t\t\t<\/div>\n\t\t\t\t<\/div>\n\t\t\t\t<\/div>\n\t\t<div class=\"elementor-element elementor-element-0153954 e-con-full e-flex elementor-invisible e-con e-child\" data-id=\"0153954\" data-element_type=\"container\" data-e-type=\"container\" data-settings=\"{&quot;animation&quot;:&quot;rotateInUpLeft&quot;}\">\n\t\t\t\t<div class=\"elementor-element elementor-element-9f0e6aa elementor-widget elementor-widget-heading\" data-id=\"9f0e6aa\" data-element_type=\"widget\" data-e-type=\"widget\" data-widget_type=\"heading.default\">\n\t\t\t\t<div class=\"elementor-widget-container\">\n\t\t\t\t\t<h2 class=\"elementor-heading-title elementor-size-default\">Inscrivez vous au cours en ligne Maintenant !<\/h2>\t\t\t\t<\/div>\n\t\t\t\t<\/div>\n\t\t\t\t<div class=\"elementor-element elementor-element-b644f3d elementor-widget elementor-widget-text-editor\" data-id=\"b644f3d\" data-element_type=\"widget\" data-e-type=\"widget\" data-widget_type=\"text-editor.default\">\n\t\t\t\t<div class=\"elementor-widget-container\">\n\t\t\t\t\t\t\t\t\t<p>Nos cours sont con\u00e7us pour d\u00e9voiler votre potentiel, favorisant un \u00e9quilibre harmonieux entre le corps et l'esprit. Avec une attention personnalis\u00e9e et une communaut\u00e9 favorable , Glimmer Pilates vous offre un sanctuaire o\u00f9 vous pouvez vous r\u00e9aliser \u00e0 chaque \u00e9tirement et mouvement.<\/p><p>Inscris-toi et d\u00e9couvre nos classes maintenant!<\/p>\t\t\t\t\t\t\t\t<\/div>\n\t\t\t\t<\/div>\n\t\t\t\t<div class=\"elementor-element elementor-element-4f48a87 elementor-align-left elementor-mobile-align-center elementor-widget elementor-widget-button\" data-id=\"4f48a87\" data-element_type=\"widget\" data-e-type=\"widget\" data-widget_type=\"button.default\">\n\t\t\t\t<div class=\"elementor-widget-container\">\n\t\t\t\t\t\t\t\t\t<div class=\"elementor-button-wrapper\">\n\t\t\t\t\t<a class=\"elementor-button elementor-button-link elementor-size-sm elementor-animation-hang\" href=\"https:\/\/glimmerpilates.com\/fr\/contact\/\">\n\t\t\t\t\t\t<span class=\"elementor-button-content-wrapper\">\n\t\t\t\t\t\t\t\t\t<span class=\"elementor-button-text\">COMMENCEZ<\/span>\n\t\t\t\t\t<\/span>\n\t\t\t\t\t<\/a>\n\t\t\t\t<\/div>\n\t\t\t\t\t\t\t\t<\/div>\n\t\t\t\t<\/div>\n\t\t\t\t<\/div>\n\t\t\t\t\t<\/div>\n\t\t\t\t<\/div>\n\t\t\t\t<\/div>","protected":false},"excerpt":{"rendered":"<p>Private Sessions 49,00 \u20ac \u2013 85,00 \u20ac \u20ac85 per session for non-members. \u20ac59 per session for Standard, Premium, and Elite members. Face-to-face sessions in Marbella can be booked for \u20ac85 on WhatsApp\u00a0 WhatsApp BOOK A SESSION NOW Check out other courses Sign Up for Online Classes NOW! Our classes are designed to illuminate your potential, [&hellip;]<\/p>\n","protected":false},"author":25,"featured_media":0,"parent":256,"menu_order":0,"comment_status":"closed","ping_status":"closed","template":"elementor_header_footer","meta":{"footnotes":""},"class_list":["post-999","page","type-page","status-publish","hentry"],"_links":{"self":[{"href":"https:\/\/glimmerpilates.com\/fr\/wp-json\/wp\/v2\/pages\/999","targetHints":{"allow":["GET"]}}],"collection":[{"href":"https:\/\/glimmerpilates.com\/fr\/wp-json\/wp\/v2\/pages"}],"about":[{"href":"https:\/\/glimmerpilates.com\/fr\/wp-json\/wp\/v2\/types\/page"}],"author":[{"embeddable":true,"href":"https:\/\/glimmerpilates.com\/fr\/wp-json\/wp\/v2\/users\/25"}],"replies":[{"embeddable":true,"href":"https:\/\/glimmerpilates.com\/fr\/wp-json\/wp\/v2\/comments?post=999"}],"version-history":[{"count":10,"href":"https:\/\/glimmerpilates.com\/fr\/wp-json\/wp\/v2\/pages\/999\/revisions"}],"predecessor-version":[{"id":1824,"href":"https:\/\/glimmerpilates.com\/fr\/wp-json\/wp\/v2\/pages\/999\/revisions\/1824"}],"up":[{"embeddable":true,"href":"https:\/\/glimmerpilates.com\/fr\/wp-json\/wp\/v2\/pages\/256"}],"wp:attachment":[{"href":"https:\/\/glimmerpilates.com\/fr\/wp-json\/wp\/v2\/media?parent=999"}],"curies":[{"name":"wp","href":"https:\/\/api.w.org\/{rel}","templated":true}]}}