{"id":672,"date":"2024-08-19T09:38:31","date_gmt":"2024-08-19T09:38:31","guid":{"rendered":"https:\/\/andy.hanuitsolutions.com\/?page_id=672"},"modified":"2025-10-30T04:28:56","modified_gmt":"2025-10-30T04:28:56","slug":"blog","status":"publish","type":"page","link":"https:\/\/glimmerpilates.com\/fr\/blog\/","title":{"rendered":"bloguer"},"content":{"rendered":"<div data-elementor-type=\"wp-page\" data-elementor-id=\"672\" class=\"elementor elementor-672\" data-elementor-post-type=\"page\">\n\t\t\t\t<div class=\"elementor-element elementor-element-3ccd0bb e-flex e-con-boxed e-con e-parent\" data-id=\"3ccd0bb\" data-element_type=\"container\" data-e-type=\"container\" data-settings=\"{&quot;background_background&quot;:&quot;gradient&quot;}\">\n\t\t\t\t\t<div class=\"e-con-inner\">\n\t\t<div class=\"elementor-element elementor-element-e3740e9 e-con-full e-flex e-con e-child\" data-id=\"e3740e9\" data-element_type=\"container\" data-e-type=\"container\">\n\t\t\t\t<div class=\"elementor-element elementor-element-7815103 elementor-widget elementor-widget-heading\" data-id=\"7815103\" data-element_type=\"widget\" data-e-type=\"widget\" data-widget_type=\"heading.default\">\n\t\t\t\t<div class=\"elementor-widget-container\">\n\t\t\t\t\t<h1 class=\"elementor-heading-title elementor-size-default\">Les derni\u00e8res nouvelles de Glimmer Pilates  <\/h1>\t\t\t\t<\/div>\n\t\t\t\t<\/div>\n\t\t\t\t<div class=\"elementor-element elementor-element-110df38 elementor-widget elementor-widget-image\" data-id=\"110df38\" data-element_type=\"widget\" data-e-type=\"widget\" data-widget_type=\"image.default\">\n\t\t\t\t<div class=\"elementor-widget-container\">\n\t\t\t\t\t\t\t\t\t\t\t\t\t\t\t<img decoding=\"async\" width=\"124\" height=\"66\" src=\"https:\/\/glimmerpilates.com\/wp-content\/uploads\/2024\/07\/GlimmerPilates_Final_Logo_Icon_Beige_Version.svg\" class=\"attachment-large size-large wp-image-162\" alt=\"\" \/>\t\t\t\t\t\t\t\t\t\t\t\t\t\t\t<\/div>\n\t\t\t\t<\/div>\n\t\t\t\t<div class=\"elementor-element elementor-element-c8d2593 elementor-widget elementor-widget-spacer\" data-id=\"c8d2593\" data-element_type=\"widget\" data-e-type=\"widget\" data-widget_type=\"spacer.default\">\n\t\t\t\t<div class=\"elementor-widget-container\">\n\t\t\t\t\t\t\t<div class=\"elementor-spacer\">\n\t\t\t<div class=\"elementor-spacer-inner\"><\/div>\n\t\t<\/div>\n\t\t\t\t\t\t<\/div>\n\t\t\t\t<\/div>\n\t\t\t\t<div class=\"elementor-element elementor-element-12ea97c elementor-widget elementor-widget-spacer\" data-id=\"12ea97c\" data-element_type=\"widget\" data-e-type=\"widget\" data-widget_type=\"spacer.default\">\n\t\t\t\t<div class=\"elementor-widget-container\">\n\t\t\t\t\t\t\t<div class=\"elementor-spacer\">\n\t\t\t<div class=\"elementor-spacer-inner\"><\/div>\n\t\t<\/div>\n\t\t\t\t\t\t<\/div>\n\t\t\t\t<\/div>\n\t\t\t\t<div class=\"elementor-element elementor-element-3efce25 elementor-widget__width-initial elementor-widget elementor-widget-text-editor\" data-id=\"3efce25\" data-element_type=\"widget\" data-e-type=\"widget\" data-widget_type=\"text-editor.default\">\n\t\t\t\t<div class=\"elementor-widget-container\">\n\t\t\t\t\t\t\t\t\t<p>Bienvenue sur notre blog Pilates, o\u00f9 vous trouverez des conseils d'experts, des histoires inspirantes et les derni\u00e8res tendances en mati\u00e8re de Pilates. Explorez nos articles pour obtenir des conseils sur le bien-\u00eatre et des conseils pratiques pour am\u00e9liorer votre pratique.<\/p><p>Que vous soyez un d\u00e9butant ou un professionnel chevronn\u00e9, notre blog est votre ressource de r\u00e9f\u00e9rence pour atteindre vos objectifs de remise en forme et vivre une vie \u00e9quilibr\u00e9e. Rejoignez notre communaut\u00e9 et restez inform\u00e9 des mises \u00e0 jour qui vous aideront \u00e0 rester motiv\u00e9 et engag\u00e9 dans votre parcours Pilates. <\/p>\t\t\t\t\t\t\t\t<\/div>\n\t\t\t\t<\/div>\n\t\t\t\t<div class=\"elementor-element elementor-element-529cc4f elementor-widget elementor-widget-spacer\" data-id=\"529cc4f\" data-element_type=\"widget\" data-e-type=\"widget\" data-widget_type=\"spacer.default\">\n\t\t\t\t<div class=\"elementor-widget-container\">\n\t\t\t\t\t\t\t<div class=\"elementor-spacer\">\n\t\t\t<div class=\"elementor-spacer-inner\"><\/div>\n\t\t<\/div>\n\t\t\t\t\t\t<\/div>\n\t\t\t\t<\/div>\n\t\t\t\t<div class=\"elementor-element elementor-element-492a935 premium-blog-align-left elementor-widget elementor-widget-premium-addon-blog\" data-id=\"492a935\" data-element_type=\"widget\" data-e-type=\"widget\" data-settings=\"{&quot;premium_blog_columns_number&quot;:&quot;33.33%&quot;,&quot;premium_blog_grid&quot;:&quot;yes&quot;,&quot;premium_blog_layout&quot;:&quot;even&quot;,&quot;premium_blog_columns_number_tablet&quot;:&quot;50%&quot;,&quot;premium_blog_columns_number_mobile&quot;:&quot;100%&quot;,&quot;scroll_to_offset&quot;:&quot;yes&quot;}\" data-widget_type=\"premium-addon-blog.default\">\n\t\t\t\t<div class=\"elementor-widget-container\">\n\t\t\t\t\t\n\t\t\n\n\t\t\t\t<div class=\"premium-blog-wrap  premium-blog-even\" data-page=\"672\">\n\t\t\t\t\t\t\t\t\t<div class=\"premium-blog-post-outer-container\" data-total=\"1\">\n\t\t\t<div class=\"premium-blog-post-container premium-blog-skin-modern\">\n\t\t\t\t\t\t\t\t\t<div class=\"premium-blog-thumb-effect-wrapper\">\n\t\t\t\t\t\t<div class=\"premium-blog-thumbnail-container premium-blog-zoomin-effect\">\n\t\t\t\t\t\t\t\t\t\t\t<a href=\"https:\/\/glimmerpilates.com\/fr\/why-pilates-is-not-aerobics-the-importance-of-breath-and-mind-body-connection\/\" target=\"_self\">\n\t\t\t\t<img fetchpriority=\"high\" decoding=\"async\" width=\"2560\" height=\"1514\" src=\"https:\/\/glimmerpilates.com\/wp-content\/uploads\/2025\/08\/Capture-decran-2025-08-23-a-10.06.58-1-scaled.png\" class=\"attachment-full size-full wp-image-2727\" alt=\"\" srcset=\"https:\/\/glimmerpilates.com\/wp-content\/uploads\/2025\/08\/Capture-decran-2025-08-23-a-10.06.58-1-scaled.png 2560w, https:\/\/glimmerpilates.com\/wp-content\/uploads\/2025\/08\/Capture-decran-2025-08-23-a-10.06.58-1-900x532.png 900w, https:\/\/glimmerpilates.com\/wp-content\/uploads\/2025\/08\/Capture-decran-2025-08-23-a-10.06.58-1-1024x605.png 1024w, https:\/\/glimmerpilates.com\/wp-content\/uploads\/2025\/08\/Capture-decran-2025-08-23-a-10.06.58-1-768x454.png 768w, https:\/\/glimmerpilates.com\/wp-content\/uploads\/2025\/08\/Capture-decran-2025-08-23-a-10.06.58-1-1536x908.png 1536w, https:\/\/glimmerpilates.com\/wp-content\/uploads\/2025\/08\/Capture-decran-2025-08-23-a-10.06.58-1-2048x1211.png 2048w, https:\/\/glimmerpilates.com\/wp-content\/uploads\/2025\/08\/Capture-decran-2025-08-23-a-10.06.58-1-18x12.png 18w\" sizes=\"(max-width: 2560px) 100vw, 2560px\" \/>\t\t\t\t<\/a>\n\t\t\t\t\t\t\t\t\t\t<\/div>\n\t\t\t\t\t\t\t\t\t\t\t\t\t<div class=\"premium-blog-effect-container premium-blog-framed-effect\">\n\t\t\t\t\t\t\t\t<a class=\"premium-blog-post-link\" href=\"https:\/\/glimmerpilates.com\/fr\/why-pilates-is-not-aerobics-the-importance-of-breath-and-mind-body-connection\/\" target=\"_self\"><span>Pourquoi le Pilates n'est pas de l'a\u00e9robic : l'importance de la respiration et de la connexion corps-esprit<\/span><\/a>\n\t\t\t\t\t\t\t\t\t\t\t\t\t\t\t<\/div>\n\t\t\t\t\t\t\t\t\t\t\t<\/div>\n\t\t\t\t\t\t\t\t\t\t\t\t<div class=\"premium-blog-content-wrapper\">\n\n\t\t\t\t\t<div class=\"premium-blog-inner-container\">\n\n\t\t\t\t\t\t\t\t\t\t\t\t\t\t<h2 class=\"premium-blog-entry-title\">\n\t\t\t<a href=\"https:\/\/glimmerpilates.com\/fr\/why-pilates-is-not-aerobics-the-importance-of-breath-and-mind-body-connection\/\" target=\"_self\">\n\t\t\t\tPourquoi le Pilates n'est pas de l'a\u00e9robic : l'importance de la respiration et de la connexion corps-esprit\t\t\t<\/a>\n\t\t<\/h2>\n\t\t\t\t<div class=\"premium-blog-entry-meta\">\n\t\t\t\n\t\t\t\t\t\t\t<span class=\"premium-blog-meta-separator\">\u2022<\/span>\n\t\t\t\t<div class=\"premium-blog-post-time premium-blog-meta-data\">\n\t\t\t\t\t<i class=\"fa fa-calendar-alt\" aria-hidden=\"true\"><\/i>\n\t\t\t\t\t<span>ao\u00fbt 27, 2025<\/span>\n\t\t\t\t<\/div>\n\t\t\t\n\t\t\t\t\t\t\t<span class=\"premium-blog-meta-separator\">\u2022<\/span>\n\t\t\t\t<div class=\"premium-blog-post-categories premium-blog-meta-data\">\n\t\t\t\t\t<i class=\"fa fa-align-left fa-fw\" aria-hidden=\"true\"><\/i>\n\t\t\t\t\t<a href=\"https:\/\/glimmerpilates.com\/fr\/category\/sports\/\" rel=\"category tag\">Sportive<\/a>\t\t\t\t<\/div>\n\t\t\t\n\t\t\t\t\t<\/div>\n\t\t\n\t\t\t\t\t<\/div>\n\n\t\t\t\t\t\t\t<div class=\"premium-blog-content-inner-wrapper\">\n\t\t<p class=\"premium-blog-post-content\">Aujourd'hui, le Pilates est trop souvent enseign\u00e9 d'une mani\u00e8re qui ressemble davantage \u00e0 un cours d'a\u00e9robic qu'\u00e0 la m\u00e9thode consciente cr\u00e9\u00e9e par Joseph Pilates. Musique forte, mouvements pr\u00e9cipit\u00e9s, ressorts du Reformer charg\u00e9s d'une forte r\u00e9sistance.<\/p>\t\t<\/div>\n\t\t\t\t\t\t\t\n\t\t\t\t<\/div>\n\t\t\t<\/div>\n\t\t<\/div>\n\n\t\t\t\t<div class=\"premium-blog-post-outer-container\" data-total=\"1\">\n\t\t\t<div class=\"premium-blog-post-container premium-blog-skin-modern\">\n\t\t\t\t\t\t\t\t\t<div class=\"premium-blog-thumb-effect-wrapper\">\n\t\t\t\t\t\t<div class=\"premium-blog-thumbnail-container premium-blog-zoomin-effect\">\n\t\t\t\t\t\t\t\t\t\t\t<a href=\"https:\/\/glimmerpilates.com\/fr\/misogi-challenge-step-into-discomfort-to-redefine-who-you-are\/\" target=\"_self\">\n\t\t\t\t<img decoding=\"async\" width=\"678\" height=\"1134\" src=\"https:\/\/glimmerpilates.com\/wp-content\/uploads\/2025\/08\/Capture-decran-2025-08-01-a-14.37.41.png\" class=\"attachment-full size-full wp-image-2474\" alt=\"\" srcset=\"https:\/\/glimmerpilates.com\/wp-content\/uploads\/2025\/08\/Capture-decran-2025-08-01-a-14.37.41.png 678w, https:\/\/glimmerpilates.com\/wp-content\/uploads\/2025\/08\/Capture-decran-2025-08-01-a-14.37.41-359x600.png 359w, https:\/\/glimmerpilates.com\/wp-content\/uploads\/2025\/08\/Capture-decran-2025-08-01-a-14.37.41-612x1024.png 612w, https:\/\/glimmerpilates.com\/wp-content\/uploads\/2025\/08\/Capture-decran-2025-08-01-a-14.37.41-7x12.png 7w\" sizes=\"(max-width: 678px) 100vw, 678px\" \/>\t\t\t\t<\/a>\n\t\t\t\t\t\t\t\t\t\t<\/div>\n\t\t\t\t\t\t\t\t\t\t\t\t\t<div class=\"premium-blog-effect-container premium-blog-framed-effect\">\n\t\t\t\t\t\t\t\t<a class=\"premium-blog-post-link\" href=\"https:\/\/glimmerpilates.com\/fr\/misogi-challenge-step-into-discomfort-to-redefine-who-you-are\/\" target=\"_self\"><span>Misogi : Sortez de votre zone de confort pour red\u00e9finir qui vous \u00eates<\/span><\/a>\n\t\t\t\t\t\t\t\t\t\t\t\t\t\t\t<\/div>\n\t\t\t\t\t\t\t\t\t\t\t<\/div>\n\t\t\t\t\t\t\t\t\t\t\t\t<div class=\"premium-blog-content-wrapper\">\n\n\t\t\t\t\t<div class=\"premium-blog-inner-container\">\n\n\t\t\t\t\t\t\t\t\t\t\t\t\t\t<h2 class=\"premium-blog-entry-title\">\n\t\t\t<a href=\"https:\/\/glimmerpilates.com\/fr\/misogi-challenge-step-into-discomfort-to-redefine-who-you-are\/\" target=\"_self\">\n\t\t\t\tMisogi : Sortez de votre zone de confort pour red\u00e9finir qui vous \u00eates\t\t\t<\/a>\n\t\t<\/h2>\n\t\t\t\t<div class=\"premium-blog-entry-meta\">\n\t\t\t\n\t\t\t\t\t\t\t<span class=\"premium-blog-meta-separator\">\u2022<\/span>\n\t\t\t\t<div class=\"premium-blog-post-time premium-blog-meta-data\">\n\t\t\t\t\t<i class=\"fa fa-calendar-alt\" aria-hidden=\"true\"><\/i>\n\t\t\t\t\t<span>ao\u00fbt 4, 2025<\/span>\n\t\t\t\t<\/div>\n\t\t\t\n\t\t\t\t\t\t\t<span class=\"premium-blog-meta-separator\">\u2022<\/span>\n\t\t\t\t<div class=\"premium-blog-post-categories premium-blog-meta-data\">\n\t\t\t\t\t<i class=\"fa fa-align-left fa-fw\" aria-hidden=\"true\"><\/i>\n\t\t\t\t\t<a href=\"https:\/\/glimmerpilates.com\/fr\/category\/blog\/\" rel=\"category tag\">bloguer<\/a>\t\t\t\t<\/div>\n\t\t\t\n\t\t\t\t\t<\/div>\n\t\t\n\t\t\t\t\t<\/div>\n\n\t\t\t\t\t\t\t<div class=\"premium-blog-content-inner-wrapper\">\n\t\t<p class=\"premium-blog-post-content\">Dans un monde b\u00e2ti sur le confort, l'id\u00e9e de se soumettre volontairement \u00e0 des \u00e9preuves para\u00eet radicale. Pourtant, c'est pr\u00e9cis\u00e9ment ce \u00e0 quoi nous invite le d\u00e9fi Misogi\u00a0: choisir l'inconfort comme voie d'acc\u00e8s \u00e0 la transformation.<\/p>\t\t<\/div>\n\t\t\t\t\t\t\t\n\t\t\t\t<\/div>\n\t\t\t<\/div>\n\t\t<\/div>\n\n\t\t\t\t<div class=\"premium-blog-post-outer-container\" data-total=\"1\">\n\t\t\t<div class=\"premium-blog-post-container premium-blog-skin-modern\">\n\t\t\t\t\t\t\t\t\t<div class=\"premium-blog-thumb-effect-wrapper\">\n\t\t\t\t\t\t<div class=\"premium-blog-thumbnail-container premium-blog-zoomin-effect\">\n\t\t\t\t\t\t\t\t\t\t\t<a href=\"https:\/\/glimmerpilates.com\/fr\/the-balance-between-sports-athletes-and-mental-health-key-to-a-fulfilling-life\/\" target=\"_self\">\n\t\t\t\t<img loading=\"lazy\" decoding=\"async\" width=\"1920\" height=\"1280\" src=\"https:\/\/glimmerpilates.com\/wp-content\/uploads\/2024\/08\/2024_Photo_Gregory_Korvin_GKCS-54.webp\" class=\"attachment-full size-full wp-image-389\" alt=\"\" \/>\t\t\t\t<\/a>\n\t\t\t\t\t\t\t\t\t\t<\/div>\n\t\t\t\t\t\t\t\t\t\t\t\t\t<div class=\"premium-blog-effect-container premium-blog-framed-effect\">\n\t\t\t\t\t\t\t\t<a class=\"premium-blog-post-link\" href=\"https:\/\/glimmerpilates.com\/fr\/the-balance-between-sports-athletes-and-mental-health-key-to-a-fulfilling-life\/\" target=\"_self\"><span>L\u2019\u00c9quilibre entre la Sant\u00e9 Mentale et le Sport : Cl\u00e9 d\u2019une Vie \u00c9panouie<\/span><\/a>\n\t\t\t\t\t\t\t\t\t\t\t\t\t\t\t<\/div>\n\t\t\t\t\t\t\t\t\t\t\t<\/div>\n\t\t\t\t\t\t\t\t\t\t\t\t<div class=\"premium-blog-content-wrapper\">\n\n\t\t\t\t\t<div class=\"premium-blog-inner-container\">\n\n\t\t\t\t\t\t\t\t\t\t\t\t\t\t<h2 class=\"premium-blog-entry-title\">\n\t\t\t<a href=\"https:\/\/glimmerpilates.com\/fr\/the-balance-between-sports-athletes-and-mental-health-key-to-a-fulfilling-life\/\" target=\"_self\">\n\t\t\t\tL\u2019\u00c9quilibre entre la Sant\u00e9 Mentale et le Sport : Cl\u00e9 d\u2019une Vie \u00c9panouie\t\t\t<\/a>\n\t\t<\/h2>\n\t\t\t\t<div class=\"premium-blog-entry-meta\">\n\t\t\t\n\t\t\t\t\t\t\t<span class=\"premium-blog-meta-separator\">\u2022<\/span>\n\t\t\t\t<div class=\"premium-blog-post-time premium-blog-meta-data\">\n\t\t\t\t\t<i class=\"fa fa-calendar-alt\" aria-hidden=\"true\"><\/i>\n\t\t\t\t\t<span>ao\u00fbt 19, 2024<\/span>\n\t\t\t\t<\/div>\n\t\t\t\n\t\t\t\t\t\t\t<span class=\"premium-blog-meta-separator\">\u2022<\/span>\n\t\t\t\t<div class=\"premium-blog-post-categories premium-blog-meta-data\">\n\t\t\t\t\t<i class=\"fa fa-align-left fa-fw\" aria-hidden=\"true\"><\/i>\n\t\t\t\t\t<a href=\"https:\/\/glimmerpilates.com\/fr\/category\/sports\/\" rel=\"category tag\">Sportive<\/a>\t\t\t\t<\/div>\n\t\t\t\n\t\t\t\t\t<\/div>\n\t\t\n\t\t\t\t\t<\/div>\n\n\t\t\t\t\t\t\t<div class=\"premium-blog-content-inner-wrapper\">\n\t\t<p class=\"premium-blog-post-content\">Lors des r\u00e9cents Jeux olympiques de Paris 2024, nous avons constat\u00e9 un changement d'orientation, de nombreux athl\u00e8tes de haut niveau ayant \u00e9voqu\u00e9 ouvertement leurs difficult\u00e9s li\u00e9es \u00e0 la sant\u00e9 mentale.<\/p>\t\t<\/div>\n\t\t\t\t\t\t\t\n\t\t\t\t<\/div>\n\t\t\t<\/div>\n\t\t<\/div>\n\n\t\t\t\t\t\t\t<\/div>\n\n\t\t\n\t\t\n\t\t\t\t\t\t<\/div>\n\t\t\t\t<\/div>\n\t\t\t\t<\/div>\n\t\t\t\t\t<\/div>\n\t\t\t\t<\/div>\n\t\t<div class=\"elementor-element elementor-element-4f0839f e-flex e-con-boxed e-con e-parent\" data-id=\"4f0839f\" data-element_type=\"container\" data-e-type=\"container\" data-settings=\"{&quot;background_background&quot;:&quot;classic&quot;}\">\n\t\t\t\t\t<div class=\"e-con-inner\">\n\t\t<div class=\"elementor-element elementor-element-12b0c30 e-con-full e-flex e-con e-child\" data-id=\"12b0c30\" data-element_type=\"container\" data-e-type=\"container\">\n\t\t\t\t<div class=\"elementor-element elementor-element-a9ece7f premium-floating-effects-yes premium-disable-fe-yes elementor-widget elementor-widget-image\" data-id=\"a9ece7f\" data-element_type=\"widget\" data-e-type=\"widget\" data-settings=\"{&quot;premium_fe_translate_switcher&quot;:&quot;yes&quot;,&quot;premium_fe_Xtranslate&quot;:{&quot;unit&quot;:&quot;px&quot;,&quot;size&quot;:&quot;&quot;,&quot;sizes&quot;:{&quot;from&quot;:0,&quot;to&quot;:0}},&quot;premium_fe_Ytranslate&quot;:{&quot;unit&quot;:&quot;px&quot;,&quot;size&quot;:&quot;&quot;,&quot;sizes&quot;:{&quot;from&quot;:-7,&quot;to&quot;:12}},&quot;premium_fe_trigger&quot;:&quot;load&quot;,&quot;premium_fe_trans_duration&quot;:{&quot;unit&quot;:&quot;px&quot;,&quot;size&quot;:1000,&quot;sizes&quot;:[]},&quot;premium_fe_trans_delay&quot;:{&quot;unit&quot;:&quot;px&quot;,&quot;size&quot;:&quot;&quot;,&quot;sizes&quot;:[]},&quot;premium_fe_direction&quot;:&quot;alternate&quot;,&quot;premium_fe_loop&quot;:&quot;default&quot;,&quot;premium_fe_easing&quot;:&quot;easeInOutSine&quot;}\" data-widget_type=\"image.default\">\n\t\t\t\t<div class=\"elementor-widget-container\">\n\t\t\t\t\t\t\t\t\t\t\t\t\t\t\t<img loading=\"lazy\" decoding=\"async\" width=\"1459\" height=\"1034\" src=\"https:\/\/glimmerpilates.com\/wp-content\/uploads\/2024\/07\/mockuuups-iphone-13-pro-mockup-perspective-left.png\" class=\"attachment-full size-full wp-image-125\" alt=\"\" srcset=\"https:\/\/glimmerpilates.com\/wp-content\/uploads\/2024\/07\/mockuuups-iphone-13-pro-mockup-perspective-left.png 1459w, https:\/\/glimmerpilates.com\/wp-content\/uploads\/2024\/07\/mockuuups-iphone-13-pro-mockup-perspective-left-300x213.png 300w, https:\/\/glimmerpilates.com\/wp-content\/uploads\/2024\/07\/mockuuups-iphone-13-pro-mockup-perspective-left-1024x726.png 1024w, https:\/\/glimmerpilates.com\/wp-content\/uploads\/2024\/07\/mockuuups-iphone-13-pro-mockup-perspective-left-768x544.png 768w\" sizes=\"(max-width: 1459px) 100vw, 1459px\" \/>\t\t\t\t\t\t\t\t\t\t\t\t\t\t\t<\/div>\n\t\t\t\t<\/div>\n\t\t\t\t<\/div>\n\t\t<div class=\"elementor-element elementor-element-1585444 e-con-full e-flex elementor-invisible e-con e-child\" data-id=\"1585444\" data-element_type=\"container\" data-e-type=\"container\" data-settings=\"{&quot;animation&quot;:&quot;rotateInUpLeft&quot;}\">\n\t\t\t\t<div class=\"elementor-element elementor-element-69a235a elementor-widget elementor-widget-heading\" data-id=\"69a235a\" data-element_type=\"widget\" data-e-type=\"widget\" data-widget_type=\"heading.default\">\n\t\t\t\t<div class=\"elementor-widget-container\">\n\t\t\t\t\t<h2 class=\"elementor-heading-title elementor-size-default\">Inscrivez vous au cours en ligne Maintenant !<\/h2>\t\t\t\t<\/div>\n\t\t\t\t<\/div>\n\t\t\t\t<div class=\"elementor-element elementor-element-f4fefc6 elementor-widget elementor-widget-text-editor\" data-id=\"f4fefc6\" data-element_type=\"widget\" data-e-type=\"widget\" data-widget_type=\"text-editor.default\">\n\t\t\t\t<div class=\"elementor-widget-container\">\n\t\t\t\t\t\t\t\t\t<p>Nos cours sont con\u00e7us pour d\u00e9voiler votre potentiel, favorisant un \u00e9quilibre harmonieux entre le corps et l'esprit. Avec une attention personnalis\u00e9e et une communaut\u00e9 favorable , Glimmer Pilates vous offre un sanctuaire o\u00f9 vous pouvez vous r\u00e9aliser \u00e0 chaque \u00e9tirement et mouvement.<\/p><p>Inscris-toi et d\u00e9couvre nos classes maintenant!<\/p>\t\t\t\t\t\t\t\t<\/div>\n\t\t\t\t<\/div>\n\t\t\t\t<div class=\"elementor-element elementor-element-de641d9 elementor-align-left elementor-mobile-align-center elementor-widget elementor-widget-button\" data-id=\"de641d9\" data-element_type=\"widget\" data-e-type=\"widget\" data-widget_type=\"button.default\">\n\t\t\t\t<div class=\"elementor-widget-container\">\n\t\t\t\t\t\t\t\t\t<div class=\"elementor-button-wrapper\">\n\t\t\t\t\t<a class=\"elementor-button elementor-button-link elementor-size-sm elementor-animation-hang\" href=\"https:\/\/glimmerpilates.com\/fr\/contact\/\">\n\t\t\t\t\t\t<span class=\"elementor-button-content-wrapper\">\n\t\t\t\t\t\t\t\t\t<span class=\"elementor-button-text\">COMMENCEZ<\/span>\n\t\t\t\t\t<\/span>\n\t\t\t\t\t<\/a>\n\t\t\t\t<\/div>\n\t\t\t\t\t\t\t\t<\/div>\n\t\t\t\t<\/div>\n\t\t\t\t<\/div>\n\t\t\t\t\t<\/div>\n\t\t\t\t<\/div>\n\t\t\t\t<\/div>","protected":false},"excerpt":{"rendered":"<p>Latest news by Glimmer Pilates Welcome to our Pilates blog, where you\u2019ll find expert tips, inspiring stories, and the latest trends in Pilates. Explore our articles for wellness advice, and practical guidance to enhance your practice. Whether you&#8217;re a beginner or a seasoned pro, our blog is your go-to resource for achieving your fitness goals [&hellip;]<\/p>\n","protected":false},"author":25,"featured_media":0,"parent":0,"menu_order":0,"comment_status":"closed","ping_status":"closed","template":"elementor_header_footer","meta":{"footnotes":""},"class_list":["post-672","page","type-page","status-publish","hentry"],"_links":{"self":[{"href":"https:\/\/glimmerpilates.com\/fr\/wp-json\/wp\/v2\/pages\/672","targetHints":{"allow":["GET"]}}],"collection":[{"href":"https:\/\/glimmerpilates.com\/fr\/wp-json\/wp\/v2\/pages"}],"about":[{"href":"https:\/\/glimmerpilates.com\/fr\/wp-json\/wp\/v2\/types\/page"}],"author":[{"embeddable":true,"href":"https:\/\/glimmerpilates.com\/fr\/wp-json\/wp\/v2\/users\/25"}],"replies":[{"embeddable":true,"href":"https:\/\/glimmerpilates.com\/fr\/wp-json\/wp\/v2\/comments?post=672"}],"version-history":[{"count":10,"href":"https:\/\/glimmerpilates.com\/fr\/wp-json\/wp\/v2\/pages\/672\/revisions"}],"predecessor-version":[{"id":2937,"href":"https:\/\/glimmerpilates.com\/fr\/wp-json\/wp\/v2\/pages\/672\/revisions\/2937"}],"wp:attachment":[{"href":"https:\/\/glimmerpilates.com\/fr\/wp-json\/wp\/v2\/media?parent=672"}],"curies":[{"name":"wp","href":"https:\/\/api.w.org\/{rel}","templated":true}]}}