{"id":307,"date":"2024-10-03T08:25:18","date_gmt":"2024-10-03T08:25:18","guid":{"rendered":"https:\/\/andy.hanuitsolutions.com\/?page_id=307"},"modified":"2024-10-08T11:06:45","modified_gmt":"2024-10-08T11:06:45","slug":"condiciones-generales-de-compra","status":"publish","type":"page","link":"https:\/\/glimmerpilates.com\/fr\/condiciones-generales-de-compra\/","title":{"rendered":"Condiciones generales de compra"},"content":{"rendered":"<div data-elementor-type=\"wp-page\" data-elementor-id=\"307\" class=\"elementor elementor-307\" data-elementor-post-type=\"page\">\n\t\t\t\t<div class=\"elementor-element elementor-element-0e307fb e-flex e-con-boxed e-con e-parent\" data-id=\"0e307fb\" data-element_type=\"container\" data-e-type=\"container\" data-settings=\"{&quot;background_background&quot;:&quot;classic&quot;}\">\n\t\t\t\t\t<div class=\"e-con-inner\">\n\t\t\t\t<div class=\"elementor-element elementor-element-2b38ba6 elementor-absolute elementor-invisible elementor-widget elementor-widget-image\" data-id=\"2b38ba6\" data-element_type=\"widget\" data-e-type=\"widget\" data-settings=\"{&quot;_position&quot;:&quot;absolute&quot;,&quot;_animation&quot;:&quot;rollIn&quot;}\" data-widget_type=\"image.default\">\n\t\t\t\t<div class=\"elementor-widget-container\">\n\t\t\t\t\t\t\t\t\t\t\t\t\t\t\t<img fetchpriority=\"high\" decoding=\"async\" width=\"435\" height=\"233\" src=\"https:\/\/glimmerpilates.com\/wp-content\/uploads\/2024\/07\/GlimmerPilates_Final_Logo_Icon.png\" class=\"attachment-large size-large wp-image-18\" alt=\"\" srcset=\"https:\/\/glimmerpilates.com\/wp-content\/uploads\/2024\/07\/GlimmerPilates_Final_Logo_Icon.png 435w, https:\/\/glimmerpilates.com\/wp-content\/uploads\/2024\/07\/GlimmerPilates_Final_Logo_Icon-300x161.png 300w\" sizes=\"(max-width: 435px) 100vw, 435px\" \/>\t\t\t\t\t\t\t\t\t\t\t\t\t\t\t<\/div>\n\t\t\t\t<\/div>\n\t\t\t\t<div class=\"elementor-element elementor-element-5ad559f elementor-absolute animated-slow elementor-invisible elementor-widget elementor-widget-image\" data-id=\"5ad559f\" data-element_type=\"widget\" data-e-type=\"widget\" data-settings=\"{&quot;_position&quot;:&quot;absolute&quot;,&quot;_animation&quot;:&quot;zoomIn&quot;}\" data-widget_type=\"image.default\">\n\t\t\t\t<div class=\"elementor-widget-container\">\n\t\t\t\t\t\t\t\t\t\t\t\t\t\t\t<img fetchpriority=\"high\" decoding=\"async\" width=\"435\" height=\"233\" src=\"https:\/\/glimmerpilates.com\/wp-content\/uploads\/2024\/07\/GlimmerPilates_Final_Logo_Icon.png\" class=\"attachment-large size-large wp-image-18\" alt=\"\" srcset=\"https:\/\/glimmerpilates.com\/wp-content\/uploads\/2024\/07\/GlimmerPilates_Final_Logo_Icon.png 435w, https:\/\/glimmerpilates.com\/wp-content\/uploads\/2024\/07\/GlimmerPilates_Final_Logo_Icon-300x161.png 300w\" sizes=\"(max-width: 435px) 100vw, 435px\" \/>\t\t\t\t\t\t\t\t\t\t\t\t\t\t\t<\/div>\n\t\t\t\t<\/div>\n\t\t\t\t<div class=\"elementor-element elementor-element-6344f1f elementor-widget elementor-widget-spacer\" data-id=\"6344f1f\" data-element_type=\"widget\" data-e-type=\"widget\" data-widget_type=\"spacer.default\">\n\t\t\t\t<div class=\"elementor-widget-container\">\n\t\t\t\t\t\t\t<div class=\"elementor-spacer\">\n\t\t\t<div class=\"elementor-spacer-inner\"><\/div>\n\t\t<\/div>\n\t\t\t\t\t\t<\/div>\n\t\t\t\t<\/div>\n\t\t<div class=\"elementor-element elementor-element-11b19d9 e-con-full e-flex e-con e-child\" data-id=\"11b19d9\" data-element_type=\"container\" data-e-type=\"container\">\n\t\t<div class=\"elementor-element elementor-element-b840dd1 e-con-full e-flex e-con e-child\" data-id=\"b840dd1\" data-element_type=\"container\" data-e-type=\"container\">\n\t\t\t\t<div class=\"elementor-element elementor-element-793f78f elementor-invisible elementor-widget elementor-widget-heading\" data-id=\"793f78f\" data-element_type=\"widget\" data-e-type=\"widget\" data-settings=\"{&quot;_animation&quot;:&quot;slideInDown&quot;}\" data-widget_type=\"heading.default\">\n\t\t\t\t<div class=\"elementor-widget-container\">\n\t\t\t\t\t<h1 class=\"elementor-heading-title elementor-size-default\">Condiciones generales de compra <\/h1>\t\t\t\t<\/div>\n\t\t\t\t<\/div>\n\t\t\t\t<\/div>\n\t\t\t\t<\/div>\n\t\t\t\t<div class=\"elementor-element elementor-element-5296e36 elementor-widget__width-inherit elementor-widget elementor-widget-text-editor\" data-id=\"5296e36\" data-element_type=\"widget\" data-e-type=\"widget\" data-widget_type=\"text-editor.default\">\n\t\t\t\t<div class=\"elementor-widget-container\">\n\t\t\t\t\t\t\t\t\t<p>Las presentes Condiciones Generales de Compra regulan el uso de la web <span style=\"color: #333333;\"><u>https:\/\/glimmerpilates.com\/<\/u><\/span> (en adelante \u201cLa Web\u201d) de la que Charlotte Dekarczyk \u00a0es titular (en adelante el Titular) con domicilio a efectos de notificaciones en Las Palmeras de Benavista, Calle Aries 8\u00aa; 29688; Estepona \u2013 M\u00e1laga , provista de NIE Y8155291B, y con direcci\u00f3n de correo electr\u00f3nico: <span style=\"color: #333333;\"><u><a style=\"color: #333333;\" href=\"mailto:charlotte@andy.hanuitsolutions.com\">charlotte@andy.hanuitsolutions.com<\/a><\/u> \u00a0<\/span>La utilizaci\u00f3n por parte del cliente de los servicios de la tienda online presupone, en todo caso, la adhesi\u00f3n a las Condiciones Generales de Compra en la versi\u00f3n publicada en el momento de la orden de compra. Por ello, es conveniente que el cliente lea estas Condiciones Generales antes de proceder a realizar una compra.<\/p><ol><li><strong>\u00c1MBITO DEL CONTRATO. <\/strong><\/li><\/ol><p>Las presentes Condiciones Generales de Compra se aplican a la venta de todos los art\u00edculos, productos y\/o servicios del Titular a trav\u00e9s de su p\u00e1gina web.<\/p><p>El Titular informa que su sitio web se dirige exclusivamente a un p\u00fablico mayor de 18 a\u00f1os. El Titular se reserva el derecho de cancelar la cuenta de acceso de un cliente si se detectan actos fraudulentos, especulativos o de mala fe en la utilizaci\u00f3n de este servicio.<\/p><ol start=\"2\"><li><strong>L\u00cdMITE DE COMPRA. <\/strong><\/li><\/ol><p>Por razones de seguridad, no pueden realizarse compras superiores a 5.000 euros. Si est\u00e1s interesado en realizar compras por importe superior, deber\u00e1s ponerte en contacto con el Servicio de Atenci\u00f3n al Cliente, donde se te facilitar\u00e1 la informaci\u00f3n referente a c\u00f3mo realizar la compra deseada.<\/p><ol start=\"3\"><li>\u00a0Los precios en esta p\u00e1gina web se muestran en euros. Los precios aplicables son los indicados en la p\u00e1gina web en la fecha del pedido. Aparecen detallados en cada art\u00edculo, producto y\/o servicio e incluyen el I.V.A (Impuesto sobre Valor A\u00f1adido)<\/li><\/ol><p>Una vez hayas cumplimentado la orden de compra, y antes de realizar el pago, se te facilitar\u00e1 un resumen final identificando el\/los art\u00edculos\/s, productos y\/o servicios adquirido\/s y su precio total (incluyendo transporte e impuestos).<\/p><ol start=\"4\"><li>\u00a0El pago se realizar\u00e1 a la finalizaci\u00f3n del proceso de compra y ser\u00e1 condici\u00f3n indispensable para la formalizaci\u00f3n de este. M\u00e9todos de pago admitidos:\u00a0<\/li><\/ol><p>Pagos realizados a trav\u00e9s de la plataforma Stripe, los pagos a trav\u00e9s de este intermediario se realizar\u00e1n mediante Apple Pay y\/o tarjeta bancaria de cr\u00e9dito o d\u00e9bito.<\/p><ol start=\"5\"><li>\u00a0<\/li><\/ol><p>El plazo m\u00e1ximo de entrega ser\u00e1, siguiendo la normativa, de 30 d\u00edas naturales a partir de la realizaci\u00f3n de la compra. La entrega de los pedidos se realizar\u00e1 en formato online bajo los datos que cumplimente el cliente en su compra. \u00a0<\/p><ol start=\"6\"><li><strong> DEVOLUCIONES Y DESISTIMIENTO. <\/strong><\/li><\/ol><p><strong>6.1 DEVOLUCIONES.<\/strong><\/p><p>Una vez el cliente ha realizado el pago, no se puede devolver el importe del mismo. No aceptamos devoluciones, una vez que el cliente ha aceptado las condiciones generales de venta en su compra.<\/p><p><strong>6.2 DESISTIMIENTO. <\/strong><\/p><p>Si el cliente decide cancelar uno de los productos contratados, debe saber que perder\u00e1 el acceso a los mismos, sin importar la duraci\u00f3n del producto contratado. Es decir, si el cliente tiene contratado un Premium Membership Yearly y lo cancela a los 6 meses, perder\u00e1 el acceso de los otros 6 meses restantes.<\/p><p>El cliente podr\u00e1 cancelar su suscripci\u00f3n a cualquiera de nuestros productos y\/o servicios accediendo a su perfil personal, consultando sus compras y\/o su secci\u00f3n de Memberships y presionando el bot\u00f3n de cancelar del producto y\/o servicio que desea anular. As\u00ed, el servicio y\/o producto quedar\u00e1 cancelado de manera inmediata.<\/p><p>Si el cliente no quisiera recibir m\u00e1s comunicaci\u00f3n comercial de parte de la empresa Glimmer Pilates deber\u00e1 escribir un correo a <span style=\"color: #333333;\"><u><a style=\"color: #333333;\" href=\"mailto:charlotte@andy.hanuitsolutions.com\">charlotte@andy.hanuitsolutions.com<\/a> <\/u><\/span>con el asunto \u201cANULACI\u00d3N RECEPCI\u00d3N COMUNICACI\u00d3N COMERCIAL GLIMMER PILATES\u201d indicando el correo y el nombre de la persona interesada en no recibir m\u00e1s comunicaciones de parte de Glimmer Pilates, adjunta el archivo rellenado y la empresa tomar\u00e1 las acciones pertinentes para que estos datos se eliminen y se gestionen a la mayor brevedad posible.<\/p><p><span style=\"color: #333333;\"><a style=\"color: #333333;\" href=\"https:\/\/glimmerpilates.com\/wp-content\/uploads\/2024\/10\/Formulario-desistimiento.doc\" target=\"_blank\" rel=\"noopener\"><strong>Descarga aqu\u00ed tu formulario de desistimiento.<\/strong><\/a><\/span><\/p><ol start=\"8\"><li><strong>DISPONIBILIDAD DE LOS PRODUCTOS. <\/strong><\/li><\/ol><p>Si se producen incidencias en cuanto a su suministro o si no quedan productos en stock, te informaremos inmediatamente y procederemos al reembolso del importe del producto o productos sin stock. Reembolsaremos el importe correspondiente sin demoras indebidas y, en cualquier caso, antes de que hayan transcurrido 14 d\u00edas naturales. El reembolso se realizar\u00e1 de conformidad con lo indicado en la Cl\u00e1usula 6.<\/p><ol start=\"9\"><li><strong>GARANT\u00cdA DE LOS PRODUCTOS ADQUIRIDOS. <\/strong><\/li><\/ol><p>La garant\u00eda ofrecida es la que se establece en el Real Decreto Legislativo 1\/2007, de<\/p><p>16 de noviembre, por el que se aprueba el texto refundido de la Ley General para la Defensa de los Consumidores y Usuarios.<\/p><ol start=\"10\"><li><strong>ATENCI\u00d3N AL CLIENTE. <\/strong><\/li><\/ol><p>Para cualquier duda, sugerencia, consulta o reclamaci\u00f3n sobre la tienda online, puedes dirigirte al Servicio de Atenci\u00f3n al Cliente, por cualquiera de los siguientes medios:<\/p><ul><li>Tel\u00e9fono de contacto: <strong>+34 634 249 038<\/strong><\/li><li>Correo electr\u00f3nico de contacto: <strong><a href=\"mailto:charlotte@andy.hanuitsolutions.com\"><span style=\"color: #333333;\">charlotte@andy.hanuitsolutions.com<\/span><\/a><\/strong><\/li><li>Direcci\u00f3n a efectos de notificaciones: Las Palmeras de Benavista, Calle Aries 8\u00aa; 29688; Estepona \u2013 M\u00e1laga.<\/li><\/ul><p>Nuestro Servicio de Atenci\u00f3n al Cliente atender\u00e1 tu reclamaci\u00f3n y dar\u00e1 respuesta a la misma con la mayor brevedad posible, y en todo caso en el plazo m\u00e1ximo de un mes. Si tu solicitud no es resuelta satisfactoriamente, podr\u00e1s acudir a la jurisdicci\u00f3n ordinaria. <\/p><p>\u00a0<\/p><ol start=\"11\"><li><strong>MODIFICACION DE LAS CONDICIONES GENERALES DE COMPRA. <\/strong><\/li><\/ol><p>El Titular se reserva el derecho de modificar en cualquier momento las presentes Condiciones Generales de Compra. Ninguna modificaci\u00f3n afectar\u00e1 a los pedidos que ya est\u00e9n en curso.<\/p><ol start=\"12\"><li><strong>FUERZA MAYOR. <\/strong><\/li><\/ol><p>El cumplimiento por el Titular de la totalidad o de parte de sus obligaciones ser\u00e1 suspendida en caso de que sobrevenga un caso fortuito o de fuerza mayor que impida o retrase el cumplimiento. Ser\u00e1n considerados como tales, en particular, sin que esta lista sea limitativa: disturbios sociales, las huelgas de cualquier naturaleza y los problemas de suministro no imputables al Titular.\u00a0<\/p><p>Te informaremos de semejante caso fortuito o de fuerza mayor dentro los siete d\u00edas posteriores a su ocurrencia. En el caso en que dicha suspensi\u00f3n se prolongue m\u00e1s all\u00e1 de un plazo de quince d\u00edas, tendr\u00e1s entonces la posibilidad de ejercitar las condiciones previstas en el punto 6 de las presentes Condiciones Generales de Compra.<\/p><ol start=\"13\"><li><strong>LEY APLICABLE Y JURIDISCCI\u00d3N. <\/strong><\/li><\/ol><p>La relaci\u00f3n entre el Usuario y el Titular se regir\u00e1 por la normativa vigente y de aplicaci\u00f3n en el territorio espa\u00f1ol. De surgir cualquier controversia en relaci\u00f3n con la interpretaci\u00f3n y\/o a la aplicaci\u00f3n de estas Condiciones las partes someter\u00e1n sus conflictos a la jurisdicci\u00f3n ordinaria someti\u00e9ndose a los Juzgados y tribunales que correspondan conforme a derecho.<\/p>\t\t\t\t\t\t\t\t<\/div>\n\t\t\t\t<\/div>\n\t\t<div class=\"elementor-element elementor-element-593f429 e-flex e-con-boxed e-con e-child\" data-id=\"593f429\" data-element_type=\"container\" data-e-type=\"container\">\n\t\t\t\t\t<div class=\"e-con-inner\">\n\t\t\t\t<div class=\"elementor-element elementor-element-dabd1db elementor-widget elementor-widget-spacer\" data-id=\"dabd1db\" data-element_type=\"widget\" data-e-type=\"widget\" data-widget_type=\"spacer.default\">\n\t\t\t\t<div class=\"elementor-widget-container\">\n\t\t\t\t\t\t\t<div class=\"elementor-spacer\">\n\t\t\t<div class=\"elementor-spacer-inner\"><\/div>\n\t\t<\/div>\n\t\t\t\t\t\t<\/div>\n\t\t\t\t<\/div>\n\t\t\t\t\t<\/div>\n\t\t\t\t<\/div>\n\t\t\t\t\t<\/div>\n\t\t\t\t<\/div>\n\t\t\t\t<\/div>","protected":false},"excerpt":{"rendered":"<p>Condiciones generales de compra Las presentes Condiciones Generales de Compra regulan el uso de la web https:\/\/glimmerpilates.com\/ (en adelante \u201cLa Web\u201d) de la que Charlotte Dekarczyk \u00a0es titular (en adelante el Titular) con domicilio a efectos de notificaciones en Las Palmeras de Benavista, Calle Aries 8\u00aa; 29688; Estepona \u2013 M\u00e1laga , provista de NIE Y8155291B, [&hellip;]<\/p>\n","protected":false},"author":25,"featured_media":0,"parent":0,"menu_order":0,"comment_status":"closed","ping_status":"closed","template":"elementor_header_footer","meta":{"footnotes":""},"class_list":["post-307","page","type-page","status-publish","hentry"],"_links":{"self":[{"href":"https:\/\/glimmerpilates.com\/fr\/wp-json\/wp\/v2\/pages\/307","targetHints":{"allow":["GET"]}}],"collection":[{"href":"https:\/\/glimmerpilates.com\/fr\/wp-json\/wp\/v2\/pages"}],"about":[{"href":"https:\/\/glimmerpilates.com\/fr\/wp-json\/wp\/v2\/types\/page"}],"author":[{"embeddable":true,"href":"https:\/\/glimmerpilates.com\/fr\/wp-json\/wp\/v2\/users\/25"}],"replies":[{"embeddable":true,"href":"https:\/\/glimmerpilates.com\/fr\/wp-json\/wp\/v2\/comments?post=307"}],"version-history":[{"count":7,"href":"https:\/\/glimmerpilates.com\/fr\/wp-json\/wp\/v2\/pages\/307\/revisions"}],"predecessor-version":[{"id":2004,"href":"https:\/\/glimmerpilates.com\/fr\/wp-json\/wp\/v2\/pages\/307\/revisions\/2004"}],"wp:attachment":[{"href":"https:\/\/glimmerpilates.com\/fr\/wp-json\/wp\/v2\/media?parent=307"}],"curies":[{"name":"wp","href":"https:\/\/api.w.org\/{rel}","templated":true}]}}